{"id":1249,"date":"2025-01-23T16:40:21","date_gmt":"2025-01-23T15:40:21","guid":{"rendered":"https:\/\/vms2025.inbearbeitung.de\/jizdni-rady\/"},"modified":"2025-01-23T16:56:54","modified_gmt":"2025-01-23T15:56:54","slug":"jizdni-rady","status":"publish","type":"page","link":"https:\/\/vms2025.inbearbeitung.de\/cs\/jizdni-rady\/","title":{"rendered":"J\u00edzdn\u00ed \u0159\u00e1dy"},"content":{"rendered":"\t\t<div data-elementor-type=\"wp-page\" data-elementor-id=\"1249\" class=\"elementor elementor-1249 elementor-1231\" data-elementor-post-type=\"page\">\n\t\t\t\t<div class=\"elementor-element elementor-element-c91722e e-con-full e-flex e-con e-parent\" data-id=\"c91722e\" data-element_type=\"container\">\n\t\t<div class=\"elementor-element elementor-element-90bc66e e-con-full e-flex e-con e-child\" data-id=\"90bc66e\" data-element_type=\"container\">\n\t\t\t\t<div class=\"elementor-element elementor-element-7775177 elementor-widget elementor-widget-html\" data-id=\"7775177\" data-element_type=\"widget\" data-widget_type=\"html.default\">\n\t\t\t\t<div class=\"elementor-widget-container\">\n\t\t\t\t\t <div class=\"brlbs-cmpnt-container brlbs-cmpnt-content-blocker brlbs-cmpnt-with-individual-styles\" data-borlabs-cookie-content-blocker-id=\"vvoefa\" data-borlabs-cookie-content=\"PGlmcmFtZSBzcmM9Imh0dHBzOi8vZWZhLnZ2by1vbmxpbmUuZGUvVk1TU0wzL1hTTFRfVFJJUF9SRVFVRVNUMj9jb29yZE91dHB1dEZvcm1hdD1XR1M4NCU1QmRkLmRkZGQlNUQmY3VzdG9tX3N1Z2dlc3RNYWNybz10cnVlJnN0ZDNfY29tbW9uTWFjcm89dHJpcCZzdGQzX2N1c3RvbU1hY3JvPXRydWUmc3RkM19zdWdnZXN0TWFjcm89c3RkM19zdWdnZXN0JnVzZVJlYWx0aW1lPTEmdXNlVVQ9MSZsYW5ndWFnZT1lbiI+PC9pZnJhbWU+\"><div class=\"brlbs-cmpnt-cb-preset-a\"> <p class=\"brlbs-cmpnt-cb-description\">V sou\u010dasn\u00e9 dob\u011b se zobrazuje z\u00e1stupn\u00fd obsah <strong>{{ jm\u00e9no }}<\/strong>. Chcete-li se dostat ke skute\u010dn\u00e9mu obsahu, klikn\u011bte na tla\u010d\u00edtko n\u00ed\u017ee. Upozor\u0148ujeme, \u017ee \u00fadaje budou p\u0159ed\u00e1ny poskytovatel\u016fm t\u0159et\u00edch stran.<\/p> <div class=\"brlbs-cmpnt-cb-buttons\"> <a class=\"brlbs-cmpnt-cb-btn\" href=\"#\" data-borlabs-cookie-unblock role=\"button\">Odemknut\u00ed obsahu<\/a> <a class=\"brlbs-cmpnt-cb-btn\" href=\"#\" data-borlabs-cookie-accept-service role=\"button\" style=\"display: inherit\">P\u0159ijmout po\u017eadovanou slu\u017ebu a odblokovat obsah<\/a> <\/div> <a class=\"brlbs-cmpnt-cb-provider-toggle\" href=\"#\" data-borlabs-cookie-show-provider-information role=\"button\">Dal\u0161\u00ed informace<\/a> <\/div><\/div>\t\t\t\t<\/div>\n\t\t\t\t<\/div>\n\t\t\t\t<\/div>\n\t\t\t\t<\/div>\n\t\t\t\t<\/div>\n\t\t","protected":false},"excerpt":{"rendered":"<p>Sie sehen gerade einen Platzhalterinhalt von VVO Fahrplanauskunft. Um auf den eigentlichen Inhalt zuzugreifen, klicken Sie auf den Button unten. Bitte beachten Sie, dass dabei Daten an Drittanbieter weitergegeben werden. [&hellip;]<\/p>\n","protected":false},"author":1,"featured_media":0,"parent":0,"menu_order":0,"comment_status":"closed","ping_status":"closed","template":"elementor_header_footer","meta":{"inline_featured_image":false,"footnotes":""},"class_list":["post-1249","page","type-page","status-publish","hentry"],"yoast_head":"<!-- This site is optimized with the Yoast SEO plugin v24.6 - https:\/\/yoast.com\/wordpress\/plugins\/seo\/ -->\n<title>J\u00edzdn\u00ed \u0159\u00e1dy &#8212; VMS Chemnitz 2025<\/title>\n<meta name=\"robots\" content=\"noindex, follow, max-snippet:-1, max-image-preview:large, max-video-preview:-1\" \/>\n<meta property=\"og:locale\" content=\"cs_CZ\" \/>\n<meta property=\"og:type\" content=\"article\" \/>\n<meta property=\"og:title\" content=\"J\u00edzdn\u00ed \u0159\u00e1dy &#8212; VMS Chemnitz 2025\" \/>\n<meta property=\"og:description\" content=\"Sie sehen gerade einen Platzhalterinhalt von VVO Fahrplanauskunft. Um auf den eigentlichen Inhalt zuzugreifen, klicken Sie auf den Button unten. Bitte beachten Sie, dass dabei Daten an Drittanbieter weitergegeben werden. [&hellip;]\" \/>\n<meta property=\"og:url\" content=\"https:\/\/vms2025.inbearbeitung.de\/cs\/jizdni-rady\/\" \/>\n<meta property=\"og:site_name\" content=\"VMS Chemnitz 2025\" \/>\n<meta property=\"article:modified_time\" content=\"2025-01-23T15:56:54+00:00\" \/>\n<meta name=\"twitter:card\" content=\"summary_large_image\" \/>\n<script type=\"application\/ld+json\" class=\"yoast-schema-graph\">{\"@context\":\"https:\/\/schema.org\",\"@graph\":[{\"@type\":\"WebPage\",\"@id\":\"https:\/\/vms2025.inbearbeitung.de\/cs\/jizdni-rady\/\",\"url\":\"https:\/\/vms2025.inbearbeitung.de\/cs\/jizdni-rady\/\",\"name\":\"J\u00edzdn\u00ed \u0159\u00e1dy &#8212; VMS Chemnitz 2025\",\"isPartOf\":{\"@id\":\"https:\/\/vms2025.inbearbeitung.de\/cs\/#website\"},\"datePublished\":\"2025-01-23T15:40:21+00:00\",\"dateModified\":\"2025-01-23T15:56:54+00:00\",\"breadcrumb\":{\"@id\":\"https:\/\/vms2025.inbearbeitung.de\/cs\/jizdni-rady\/#breadcrumb\"},\"inLanguage\":\"cs\",\"potentialAction\":[{\"@type\":\"ReadAction\",\"target\":[\"https:\/\/vms2025.inbearbeitung.de\/cs\/jizdni-rady\/\"]}]},{\"@type\":\"BreadcrumbList\",\"@id\":\"https:\/\/vms2025.inbearbeitung.de\/cs\/jizdni-rady\/#breadcrumb\",\"itemListElement\":[{\"@type\":\"ListItem\",\"position\":1,\"name\":\"Startseite\",\"item\":\"https:\/\/vms2025.inbearbeitung.de\/cs\/\"},{\"@type\":\"ListItem\",\"position\":2,\"name\":\"J\u00edzdn\u00ed \u0159\u00e1dy\"}]},{\"@type\":\"WebSite\",\"@id\":\"https:\/\/vms2025.inbearbeitung.de\/cs\/#website\",\"url\":\"https:\/\/vms2025.inbearbeitung.de\/cs\/\",\"name\":\"VMS Kulturhauptstadt\",\"description\":\"Mit dem VMS die Kulturhauptstadt entdecken\",\"publisher\":{\"@id\":\"https:\/\/vms2025.inbearbeitung.de\/cs\/#organization\"},\"potentialAction\":[{\"@type\":\"SearchAction\",\"target\":{\"@type\":\"EntryPoint\",\"urlTemplate\":\"https:\/\/vms2025.inbearbeitung.de\/cs\/?s={search_term_string}\"},\"query-input\":{\"@type\":\"PropertyValueSpecification\",\"valueRequired\":true,\"valueName\":\"search_term_string\"}}],\"inLanguage\":\"cs\"},{\"@type\":\"Organization\",\"@id\":\"https:\/\/vms2025.inbearbeitung.de\/cs\/#organization\",\"name\":\"Verkehrsverbund Mittelsachsen\",\"url\":\"https:\/\/vms2025.inbearbeitung.de\/cs\/\",\"logo\":{\"@type\":\"ImageObject\",\"inLanguage\":\"cs\",\"@id\":\"https:\/\/vms2025.inbearbeitung.de\/cs\/#\/schema\/logo\/image\/\",\"url\":\"https:\/\/vms2025.inbearbeitung.de\/wp-content\/uploads\/2024\/10\/239946-3190071.png\",\"contentUrl\":\"https:\/\/vms2025.inbearbeitung.de\/wp-content\/uploads\/2024\/10\/239946-3190071.png\",\"width\":1000,\"height\":500,\"caption\":\"Verkehrsverbund Mittelsachsen\"},\"image\":{\"@id\":\"https:\/\/vms2025.inbearbeitung.de\/cs\/#\/schema\/logo\/image\/\"}}]}<\/script>\n<!-- \/ Yoast SEO plugin. -->","yoast_head_json":{"title":"J\u00edzdn\u00ed \u0159\u00e1dy &#8212; VMS Chemnitz 2025","robots":{"index":"noindex","follow":"follow","max-snippet":"max-snippet:-1","max-image-preview":"max-image-preview:large","max-video-preview":"max-video-preview:-1"},"og_locale":"cs_CZ","og_type":"article","og_title":"J\u00edzdn\u00ed \u0159\u00e1dy &#8212; VMS Chemnitz 2025","og_description":"Sie sehen gerade einen Platzhalterinhalt von VVO Fahrplanauskunft. Um auf den eigentlichen Inhalt zuzugreifen, klicken Sie auf den Button unten. Bitte beachten Sie, dass dabei Daten an Drittanbieter weitergegeben werden. [&hellip;]","og_url":"https:\/\/vms2025.inbearbeitung.de\/cs\/jizdni-rady\/","og_site_name":"VMS Chemnitz 2025","article_modified_time":"2025-01-23T15:56:54+00:00","twitter_card":"summary_large_image","schema":{"@context":"https:\/\/schema.org","@graph":[{"@type":"WebPage","@id":"https:\/\/vms2025.inbearbeitung.de\/cs\/jizdni-rady\/","url":"https:\/\/vms2025.inbearbeitung.de\/cs\/jizdni-rady\/","name":"J\u00edzdn\u00ed \u0159\u00e1dy &#8212; VMS Chemnitz 2025","isPartOf":{"@id":"https:\/\/vms2025.inbearbeitung.de\/cs\/#website"},"datePublished":"2025-01-23T15:40:21+00:00","dateModified":"2025-01-23T15:56:54+00:00","breadcrumb":{"@id":"https:\/\/vms2025.inbearbeitung.de\/cs\/jizdni-rady\/#breadcrumb"},"inLanguage":"cs","potentialAction":[{"@type":"ReadAction","target":["https:\/\/vms2025.inbearbeitung.de\/cs\/jizdni-rady\/"]}]},{"@type":"BreadcrumbList","@id":"https:\/\/vms2025.inbearbeitung.de\/cs\/jizdni-rady\/#breadcrumb","itemListElement":[{"@type":"ListItem","position":1,"name":"Startseite","item":"https:\/\/vms2025.inbearbeitung.de\/cs\/"},{"@type":"ListItem","position":2,"name":"J\u00edzdn\u00ed \u0159\u00e1dy"}]},{"@type":"WebSite","@id":"https:\/\/vms2025.inbearbeitung.de\/cs\/#website","url":"https:\/\/vms2025.inbearbeitung.de\/cs\/","name":"VMS Kulturhauptstadt","description":"Mit dem VMS die Kulturhauptstadt entdecken","publisher":{"@id":"https:\/\/vms2025.inbearbeitung.de\/cs\/#organization"},"potentialAction":[{"@type":"SearchAction","target":{"@type":"EntryPoint","urlTemplate":"https:\/\/vms2025.inbearbeitung.de\/cs\/?s={search_term_string}"},"query-input":{"@type":"PropertyValueSpecification","valueRequired":true,"valueName":"search_term_string"}}],"inLanguage":"cs"},{"@type":"Organization","@id":"https:\/\/vms2025.inbearbeitung.de\/cs\/#organization","name":"Verkehrsverbund Mittelsachsen","url":"https:\/\/vms2025.inbearbeitung.de\/cs\/","logo":{"@type":"ImageObject","inLanguage":"cs","@id":"https:\/\/vms2025.inbearbeitung.de\/cs\/#\/schema\/logo\/image\/","url":"https:\/\/vms2025.inbearbeitung.de\/wp-content\/uploads\/2024\/10\/239946-3190071.png","contentUrl":"https:\/\/vms2025.inbearbeitung.de\/wp-content\/uploads\/2024\/10\/239946-3190071.png","width":1000,"height":500,"caption":"Verkehrsverbund Mittelsachsen"},"image":{"@id":"https:\/\/vms2025.inbearbeitung.de\/cs\/#\/schema\/logo\/image\/"}}]}},"_links":{"self":[{"href":"https:\/\/vms2025.inbearbeitung.de\/cs\/wp-json\/wp\/v2\/pages\/1249","targetHints":{"allow":["GET"]}}],"collection":[{"href":"https:\/\/vms2025.inbearbeitung.de\/cs\/wp-json\/wp\/v2\/pages"}],"about":[{"href":"https:\/\/vms2025.inbearbeitung.de\/cs\/wp-json\/wp\/v2\/types\/page"}],"author":[{"embeddable":true,"href":"https:\/\/vms2025.inbearbeitung.de\/cs\/wp-json\/wp\/v2\/users\/1"}],"replies":[{"embeddable":true,"href":"https:\/\/vms2025.inbearbeitung.de\/cs\/wp-json\/wp\/v2\/comments?post=1249"}],"version-history":[{"count":1,"href":"https:\/\/vms2025.inbearbeitung.de\/cs\/wp-json\/wp\/v2\/pages\/1249\/revisions"}],"predecessor-version":[{"id":1250,"href":"https:\/\/vms2025.inbearbeitung.de\/cs\/wp-json\/wp\/v2\/pages\/1249\/revisions\/1250"}],"wp:attachment":[{"href":"https:\/\/vms2025.inbearbeitung.de\/cs\/wp-json\/wp\/v2\/media?parent=1249"}],"curies":[{"name":"wp","href":"https:\/\/api.w.org\/{rel}","templated":true}]}}