{"id":1948,"date":"2025-02-26T10:44:08","date_gmt":"2025-02-26T09:44:08","guid":{"rendered":"https:\/\/vms2025.inbearbeitung.de\/kontaktujte-nas\/"},"modified":"2025-03-07T10:15:18","modified_gmt":"2025-03-07T09:15:18","slug":"kontaktujte-nas","status":"publish","type":"page","link":"https:\/\/vms2025.inbearbeitung.de\/cs\/kontaktujte-nas\/","title":{"rendered":"Kontaktujte n\u00e1s"},"content":{"rendered":"\t\t<div data-elementor-type=\"wp-page\" data-elementor-id=\"1948\" class=\"elementor elementor-1948 elementor-1852\" data-elementor-post-type=\"page\">\n\t\t\t\t<div class=\"elementor-element elementor-element-333f813 e-flex e-con-boxed e-con e-parent\" data-id=\"333f813\" data-element_type=\"container\" data-settings=\"{&quot;background_background&quot;:&quot;classic&quot;}\">\n\t\t\t\t\t<div class=\"e-con-inner\">\n\t\t<div class=\"elementor-element elementor-element-6f32e38 e-con-full e-flex e-con e-child\" data-id=\"6f32e38\" data-element_type=\"container\" data-settings=\"{&quot;background_background&quot;:&quot;classic&quot;}\">\n\t\t\t\t<div class=\"elementor-element elementor-element-32c9946 elementor-widget elementor-widget-heading\" data-id=\"32c9946\" data-element_type=\"widget\" data-widget_type=\"heading.default\">\n\t\t\t\t<div class=\"elementor-widget-container\">\n\t\t\t\t\t<h1 class=\"elementor-heading-title elementor-size-default\">Kontaktujte n\u00e1s<\/h1>\t\t\t\t<\/div>\n\t\t\t\t<\/div>\n\t\t\t\t<div class=\"elementor-element elementor-element-8d8ee02 elementor-widget elementor-widget-heading\" data-id=\"8d8ee02\" data-element_type=\"widget\" data-widget_type=\"heading.default\">\n\t\t\t\t<div class=\"elementor-widget-container\">\n\t\t\t\t\t<div class=\"elementor-heading-title elementor-size-default\">Pokud m\u00e1te je\u0161t\u011b n\u011bjak\u00e9 ot\u00e1zky, kontaktujte n\u00e1s:<\/div>\t\t\t\t<\/div>\n\t\t\t\t<\/div>\n\t\t\t\t<div class=\"elementor-element elementor-element-67d073b elementor-align-left elementor-icon-list--layout-traditional elementor-list-item-link-full_width elementor-widget elementor-widget-icon-list\" data-id=\"67d073b\" data-element_type=\"widget\" data-widget_type=\"icon-list.default\">\n\t\t\t\t<div class=\"elementor-widget-container\">\n\t\t\t\t\t\t\t<ul class=\"elementor-icon-list-items\">\n\t\t\t\t\t\t\t<li class=\"elementor-icon-list-item\">\n\t\t\t\t\t\t\t\t\t\t\t<span class=\"elementor-icon-list-icon\">\n\t\t\t\t\t\t\t<i aria-hidden=\"true\" class=\"fas fa-phone-alt\"><\/i>\t\t\t\t\t\t<\/span>\n\t\t\t\t\t\t\t\t\t\t<span class=\"elementor-icon-list-text\">telefonicky: <a href=\"tel:0049 371 40008 88\">+49 (0) 371 40008-88<\/a><br><small>(pond\u011bl\u00ed a\u017e p\u00e1tek, 07:00 \u2013 18:00 hod.)<\/small><\/span>\n\t\t\t\t\t\t\t\t\t<\/li>\n\t\t\t\t\t\t\t\t<li class=\"elementor-icon-list-item\">\n\t\t\t\t\t\t\t\t\t\t\t<span class=\"elementor-icon-list-icon\">\n\t\t\t\t\t\t\t<i aria-hidden=\"true\" class=\"fas fa-envelope\"><\/i>\t\t\t\t\t\t<\/span>\n\t\t\t\t\t\t\t\t\t\t<span class=\"elementor-icon-list-text\"> e-mailem: <a href=\"mailto:info@vms.de\">info@vms.de<\/a><\/span>\n\t\t\t\t\t\t\t\t\t<\/li>\n\t\t\t\t\t\t<\/ul>\n\t\t\t\t\t\t<\/div>\n\t\t\t\t<\/div>\n\t\t\t\t<div class=\"elementor-element elementor-element-654b991 elementor-widget elementor-widget-text-editor\" data-id=\"654b991\" data-element_type=\"widget\" data-widget_type=\"text-editor.default\">\n\t\t\t\t<div class=\"elementor-widget-container\">\n\t\t\t\t\t\t\t\t\t<p>Nebo n\u00e1s nav\u0161tivte v\u00a0na\u0161em z\u00e1kaznick\u00e9m centru VMS v\u00a0centru hlavn\u00edho m\u011bsta kultury Chemnitz.<\/p>\n\t\t\t\t\t\t\t\t<\/div>\n\t\t\t\t<\/div>\n\t\t\t\t<div class=\"elementor-element elementor-element-4fed521 elementor-widget elementor-widget-text-editor\" data-id=\"4fed521\" data-element_type=\"widget\" data-widget_type=\"text-editor.default\">\n\t\t\t\t<div class=\"elementor-widget-container\">\n\t\t\t\t\t\t\t\t\t<p><strong>VMS KundenCenter\u00a0<\/strong><br \/>Am Rathaus 2<br \/>09111 Chemnitz<\/p>\n<p><strong>Pond\u011bl\u00ed a\u017e p\u00e1tek: 09:00 \u2013 17:00 hod.<br \/><\/strong>Ve st\u0159edu od 12:00 do 13:00 hodin zav\u0159eno<\/p>\n\t\t\t\t\t\t\t\t<\/div>\n\t\t\t\t<\/div>\n\t\t\t\t<div class=\"elementor-element elementor-element-ba2a484 elementor-widget elementor-widget-google_maps\" data-id=\"ba2a484\" data-element_type=\"widget\" data-widget_type=\"google_maps.default\">\n\t\t\t\t<div class=\"elementor-widget-container\">\n\t\t\t\t\t\t\t<div class=\"elementor-custom-embed\">\n\t\t\t <div class=\"brlbs-cmpnt-container brlbs-cmpnt-content-blocker brlbs-cmpnt-with-individual-styles\" data-borlabs-cookie-content-blocker-id=\"google-maps\" data-borlabs-cookie-content=\"PGlmcmFtZSBsb2FkaW5nPSJsYXp5IgoJCQkJCXNyYz0iaHR0cHM6Ly9tYXBzLmdvb2dsZS5jb20vbWFwcz9xPVZNUyUyMEt1bmRlbkNlbnRlciUyQyUyMEFtJTIwUmF0aGF1cyUyMDIlMkMlMjAwOTExMSUyMENoZW1uaXR6JiMwMzg7dD1tJiMwMzg7ej0xNSYjMDM4O291dHB1dD1lbWJlZCYjMDM4O2l3bG9jPW5lYXIiCgkJCQkJdGl0bGU9IlZNUyBLdW5kZW5DZW50ZXIsIEFtIFJhdGhhdXMgMiwgMDkxMTEgQ2hlbW5pdHoiCgkJCQkJYXJpYS1sYWJlbD0iVk1TIEt1bmRlbkNlbnRlciwgQW0gUmF0aGF1cyAyLCAwOTExMSBDaGVtbml0eiIKCQkJPjwvaWZyYW1lPg==\"><div class=\"brlbs-cmpnt-cb-preset-b brlbs-cmpnt-cb-google-maps\"> <div class=\"brlbs-cmpnt-cb-thumbnail\" style=\"background-image: url('https:\/\/vms2025.inbearbeitung.de\/wp-content\/uploads\/borlabs-cookie\/1\/brlbs-cb-google-maps-main.png')\"><\/div> <div class=\"brlbs-cmpnt-cb-main\"> <div class=\"brlbs-cmpnt-cb-content\"> <p class=\"brlbs-cmpnt-cb-description\">You are currently viewing a placeholder content from <strong>Google Maps<\/strong>. To access the actual content, click the button below. Please note that doing so will share data with third-party providers.<\/p> <a class=\"brlbs-cmpnt-cb-provider-toggle\" href=\"#\" data-borlabs-cookie-show-provider-information role=\"button\">More Information<\/a> <\/div> <div class=\"brlbs-cmpnt-cb-buttons\"> <a class=\"brlbs-cmpnt-cb-btn\" href=\"#\" data-borlabs-cookie-unblock role=\"button\">Unblock content<\/a> <a class=\"brlbs-cmpnt-cb-btn\" href=\"#\" data-borlabs-cookie-accept-service role=\"button\" style=\"display: inherit\">Accept required service and unblock content<\/a> <\/div> <\/div> <\/div><\/div>\n\t\t<\/div>\n\t\t\t\t\t\t<\/div>\n\t\t\t\t<\/div>\n\t\t\t\t<\/div>\n\t\t\t\t\t<\/div>\n\t\t\t\t<\/div>\n\t\t\t\t<\/div>\n\t\t","protected":false},"excerpt":{"rendered":"<p>Kontaktujte n\u00e1s Pokud m\u00e1te je\u0161t\u011b n\u011bjak\u00e9 ot\u00e1zky, kontaktujte n\u00e1s: telefonicky: +49 (0) 371 40008-88(pond\u011bl\u00ed a\u017e p\u00e1tek, 07:00 \u2013 18:00 hod.) e-mailem: info@vms.de Nebo n\u00e1s nav\u0161tivte v\u00a0na\u0161em z\u00e1kaznick\u00e9m centru VMS v\u00a0centru [&hellip;]<\/p>\n","protected":false},"author":1,"featured_media":0,"parent":0,"menu_order":0,"comment_status":"closed","ping_status":"closed","template":"elementor_header_footer","meta":{"inline_featured_image":false,"footnotes":""},"class_list":["post-1948","page","type-page","status-publish","hentry"],"yoast_head":"<!-- This site is optimized with the Yoast SEO plugin v24.6 - https:\/\/yoast.com\/wordpress\/plugins\/seo\/ -->\n<title>Kontaktujte n\u00e1s &#8212; VMS Chemnitz 2025<\/title>\n<meta name=\"robots\" content=\"noindex, follow, max-snippet:-1, max-image-preview:large, max-video-preview:-1\" \/>\n<meta property=\"og:locale\" content=\"cs_CZ\" \/>\n<meta property=\"og:type\" content=\"article\" \/>\n<meta property=\"og:title\" content=\"Kontaktujte n\u00e1s &#8212; VMS Chemnitz 2025\" \/>\n<meta property=\"og:description\" content=\"Kontaktujte n\u00e1s Pokud m\u00e1te je\u0161t\u011b n\u011bjak\u00e9 ot\u00e1zky, kontaktujte n\u00e1s: telefonicky: +49 (0) 371 40008-88(pond\u011bl\u00ed a\u017e p\u00e1tek, 07:00 \u2013 18:00 hod.) e-mailem: info@vms.de Nebo n\u00e1s nav\u0161tivte v\u00a0na\u0161em z\u00e1kaznick\u00e9m centru VMS v\u00a0centru [&hellip;]\" \/>\n<meta property=\"og:url\" content=\"https:\/\/vms2025.inbearbeitung.de\/cs\/kontaktujte-nas\/\" \/>\n<meta property=\"og:site_name\" content=\"VMS Chemnitz 2025\" \/>\n<meta property=\"article:modified_time\" content=\"2025-03-07T09:15:18+00:00\" \/>\n<meta name=\"twitter:card\" content=\"summary_large_image\" \/>\n<meta name=\"twitter:label1\" content=\"Odhadovan\u00e1 doba \u010dten\u00ed\" \/>\n\t<meta name=\"twitter:data1\" content=\"1 minuta\" \/>\n<script type=\"application\/ld+json\" class=\"yoast-schema-graph\">{\"@context\":\"https:\/\/schema.org\",\"@graph\":[{\"@type\":\"WebPage\",\"@id\":\"https:\/\/vms2025.inbearbeitung.de\/cs\/kontaktujte-nas\/\",\"url\":\"https:\/\/vms2025.inbearbeitung.de\/cs\/kontaktujte-nas\/\",\"name\":\"Kontaktujte n\u00e1s &#8212; VMS Chemnitz 2025\",\"isPartOf\":{\"@id\":\"https:\/\/vms2025.inbearbeitung.de\/cs\/#website\"},\"datePublished\":\"2025-02-26T09:44:08+00:00\",\"dateModified\":\"2025-03-07T09:15:18+00:00\",\"breadcrumb\":{\"@id\":\"https:\/\/vms2025.inbearbeitung.de\/cs\/kontaktujte-nas\/#breadcrumb\"},\"inLanguage\":\"cs\",\"potentialAction\":[{\"@type\":\"ReadAction\",\"target\":[\"https:\/\/vms2025.inbearbeitung.de\/cs\/kontaktujte-nas\/\"]}]},{\"@type\":\"BreadcrumbList\",\"@id\":\"https:\/\/vms2025.inbearbeitung.de\/cs\/kontaktujte-nas\/#breadcrumb\",\"itemListElement\":[{\"@type\":\"ListItem\",\"position\":1,\"name\":\"Startseite\",\"item\":\"https:\/\/vms2025.inbearbeitung.de\/cs\/\"},{\"@type\":\"ListItem\",\"position\":2,\"name\":\"Kontaktujte n\u00e1s\"}]},{\"@type\":\"WebSite\",\"@id\":\"https:\/\/vms2025.inbearbeitung.de\/cs\/#website\",\"url\":\"https:\/\/vms2025.inbearbeitung.de\/cs\/\",\"name\":\"VMS Kulturhauptstadt\",\"description\":\"Mit dem VMS die Kulturhauptstadt entdecken\",\"publisher\":{\"@id\":\"https:\/\/vms2025.inbearbeitung.de\/cs\/#organization\"},\"potentialAction\":[{\"@type\":\"SearchAction\",\"target\":{\"@type\":\"EntryPoint\",\"urlTemplate\":\"https:\/\/vms2025.inbearbeitung.de\/cs\/?s={search_term_string}\"},\"query-input\":{\"@type\":\"PropertyValueSpecification\",\"valueRequired\":true,\"valueName\":\"search_term_string\"}}],\"inLanguage\":\"cs\"},{\"@type\":\"Organization\",\"@id\":\"https:\/\/vms2025.inbearbeitung.de\/cs\/#organization\",\"name\":\"Verkehrsverbund Mittelsachsen\",\"url\":\"https:\/\/vms2025.inbearbeitung.de\/cs\/\",\"logo\":{\"@type\":\"ImageObject\",\"inLanguage\":\"cs\",\"@id\":\"https:\/\/vms2025.inbearbeitung.de\/cs\/#\/schema\/logo\/image\/\",\"url\":\"https:\/\/vms2025.inbearbeitung.de\/wp-content\/uploads\/2024\/10\/239946-3190071.png\",\"contentUrl\":\"https:\/\/vms2025.inbearbeitung.de\/wp-content\/uploads\/2024\/10\/239946-3190071.png\",\"width\":1000,\"height\":500,\"caption\":\"Verkehrsverbund Mittelsachsen\"},\"image\":{\"@id\":\"https:\/\/vms2025.inbearbeitung.de\/cs\/#\/schema\/logo\/image\/\"}}]}<\/script>\n<!-- \/ Yoast SEO plugin. -->","yoast_head_json":{"title":"Kontaktujte n\u00e1s &#8212; VMS Chemnitz 2025","robots":{"index":"noindex","follow":"follow","max-snippet":"max-snippet:-1","max-image-preview":"max-image-preview:large","max-video-preview":"max-video-preview:-1"},"og_locale":"cs_CZ","og_type":"article","og_title":"Kontaktujte n\u00e1s &#8212; VMS Chemnitz 2025","og_description":"Kontaktujte n\u00e1s Pokud m\u00e1te je\u0161t\u011b n\u011bjak\u00e9 ot\u00e1zky, kontaktujte n\u00e1s: telefonicky: +49 (0) 371 40008-88(pond\u011bl\u00ed a\u017e p\u00e1tek, 07:00 \u2013 18:00 hod.) e-mailem: info@vms.de Nebo n\u00e1s nav\u0161tivte v\u00a0na\u0161em z\u00e1kaznick\u00e9m centru VMS v\u00a0centru [&hellip;]","og_url":"https:\/\/vms2025.inbearbeitung.de\/cs\/kontaktujte-nas\/","og_site_name":"VMS Chemnitz 2025","article_modified_time":"2025-03-07T09:15:18+00:00","twitter_card":"summary_large_image","twitter_misc":{"Odhadovan\u00e1 doba \u010dten\u00ed":"1 minuta"},"schema":{"@context":"https:\/\/schema.org","@graph":[{"@type":"WebPage","@id":"https:\/\/vms2025.inbearbeitung.de\/cs\/kontaktujte-nas\/","url":"https:\/\/vms2025.inbearbeitung.de\/cs\/kontaktujte-nas\/","name":"Kontaktujte n\u00e1s &#8212; VMS Chemnitz 2025","isPartOf":{"@id":"https:\/\/vms2025.inbearbeitung.de\/cs\/#website"},"datePublished":"2025-02-26T09:44:08+00:00","dateModified":"2025-03-07T09:15:18+00:00","breadcrumb":{"@id":"https:\/\/vms2025.inbearbeitung.de\/cs\/kontaktujte-nas\/#breadcrumb"},"inLanguage":"cs","potentialAction":[{"@type":"ReadAction","target":["https:\/\/vms2025.inbearbeitung.de\/cs\/kontaktujte-nas\/"]}]},{"@type":"BreadcrumbList","@id":"https:\/\/vms2025.inbearbeitung.de\/cs\/kontaktujte-nas\/#breadcrumb","itemListElement":[{"@type":"ListItem","position":1,"name":"Startseite","item":"https:\/\/vms2025.inbearbeitung.de\/cs\/"},{"@type":"ListItem","position":2,"name":"Kontaktujte n\u00e1s"}]},{"@type":"WebSite","@id":"https:\/\/vms2025.inbearbeitung.de\/cs\/#website","url":"https:\/\/vms2025.inbearbeitung.de\/cs\/","name":"VMS Kulturhauptstadt","description":"Mit dem VMS die Kulturhauptstadt entdecken","publisher":{"@id":"https:\/\/vms2025.inbearbeitung.de\/cs\/#organization"},"potentialAction":[{"@type":"SearchAction","target":{"@type":"EntryPoint","urlTemplate":"https:\/\/vms2025.inbearbeitung.de\/cs\/?s={search_term_string}"},"query-input":{"@type":"PropertyValueSpecification","valueRequired":true,"valueName":"search_term_string"}}],"inLanguage":"cs"},{"@type":"Organization","@id":"https:\/\/vms2025.inbearbeitung.de\/cs\/#organization","name":"Verkehrsverbund Mittelsachsen","url":"https:\/\/vms2025.inbearbeitung.de\/cs\/","logo":{"@type":"ImageObject","inLanguage":"cs","@id":"https:\/\/vms2025.inbearbeitung.de\/cs\/#\/schema\/logo\/image\/","url":"https:\/\/vms2025.inbearbeitung.de\/wp-content\/uploads\/2024\/10\/239946-3190071.png","contentUrl":"https:\/\/vms2025.inbearbeitung.de\/wp-content\/uploads\/2024\/10\/239946-3190071.png","width":1000,"height":500,"caption":"Verkehrsverbund Mittelsachsen"},"image":{"@id":"https:\/\/vms2025.inbearbeitung.de\/cs\/#\/schema\/logo\/image\/"}}]}},"_links":{"self":[{"href":"https:\/\/vms2025.inbearbeitung.de\/cs\/wp-json\/wp\/v2\/pages\/1948","targetHints":{"allow":["GET"]}}],"collection":[{"href":"https:\/\/vms2025.inbearbeitung.de\/cs\/wp-json\/wp\/v2\/pages"}],"about":[{"href":"https:\/\/vms2025.inbearbeitung.de\/cs\/wp-json\/wp\/v2\/types\/page"}],"author":[{"embeddable":true,"href":"https:\/\/vms2025.inbearbeitung.de\/cs\/wp-json\/wp\/v2\/users\/1"}],"replies":[{"embeddable":true,"href":"https:\/\/vms2025.inbearbeitung.de\/cs\/wp-json\/wp\/v2\/comments?post=1948"}],"version-history":[{"count":1,"href":"https:\/\/vms2025.inbearbeitung.de\/cs\/wp-json\/wp\/v2\/pages\/1948\/revisions"}],"predecessor-version":[{"id":1949,"href":"https:\/\/vms2025.inbearbeitung.de\/cs\/wp-json\/wp\/v2\/pages\/1948\/revisions\/1949"}],"wp:attachment":[{"href":"https:\/\/vms2025.inbearbeitung.de\/cs\/wp-json\/wp\/v2\/media?parent=1948"}],"curies":[{"name":"wp","href":"https:\/\/api.w.org\/{rel}","templated":true}]}}