{"id":945,"date":"2024-12-16T10:47:12","date_gmt":"2024-12-16T09:47:12","guid":{"rendered":"https:\/\/vms2025.inbearbeitung.de\/impresum\/"},"modified":"2025-01-29T10:33:08","modified_gmt":"2025-01-29T09:33:08","slug":"impresum","status":"publish","type":"page","link":"https:\/\/vms2025.inbearbeitung.de\/cs\/impresum\/","title":{"rendered":"Impresum"},"content":{"rendered":"\n<p><strong>Za obsah odpov\u00edd\u00e1:<\/strong><\/p>\n\n<p>Verkehrsverbund Mittelsachsen GmbH<br\/>Am Rathaus 2<br\/>09111 Chemnitz, N\u011bmecko<\/p>\n\n<p>Telefon: +49 371 40008-0<br\/>Fax: +49 371 40008-99<br\/>E-mail: info@vms.de<\/p>\n\n<p>Rejst\u0159\u00edkov\u00fd soud: M\u011bstsk\u00fd soud v Chemnitz<br\/>Spis \u010d.: HRB 21599<\/p>\n\n<p>Da\u0148ov\u00e9 identifika\u010dn\u00ed \u010d\u00edslo: DE237178312<\/p>\n\n<p>ID sm\u011brov\u00e1n\u00ed VMS GmbH: 14511000-ZV02-33<br\/><br\/>Pan Mathias Korda \u2013 jednatel<br\/><\/p>\n\n<p><strong>N\u00e1vrh a realizace<\/strong><\/p>\n\n<p>theCASE GmbH &amp; Co. KG<br\/><a href=\"http:\/\/www.thecase.digital\">www.thecase.digital<\/a><br\/><br\/><\/p>\n\n<p><strong>Pr\u00e1va na u\u017e\u00edv\u00e1n\u00ed a copyright<\/strong><\/p>\n\n<p>Pr\u00e1va na u\u017e\u00edv\u00e1n\u00ed a copyright \u00a9 2001-2024 by Verkehrsverbund Mittelsachsen GmbH, Am Rathaus 2, 09111 Chemnitz, N\u011bmecko<\/p>\n\n<p>V\u0161echna pr\u00e1va vyhrazena. Autorsk\u00e1 pr\u00e1va k\u00a0t\u011bmto webov\u00fdm str\u00e1nk\u00e1m v\u00a0pln\u00e9m rozsahu vlastn\u00ed spole\u010dnost Verkehrsverbund Mittelsachsen GmbH.<br\/><br\/><strong>Odpov\u011bdnost za obsah<\/strong><\/p>\n\n<p>Ve\u0161ker\u00fd obsah na\u0161ich webov\u00fdch str\u00e1nek byl sestaven s\u00a0maxim\u00e1ln\u00ed p\u00e9\u010d\u00ed a\u00a0podle na\u0161ich nejlep\u0161\u00edch znalost\u00ed. Nep\u0159eb\u00edr\u00e1me \u017e\u00e1dnou odpov\u011bdnost za aktu\u00e1lnost, spr\u00e1vnost a\u00a0\u00faplnost obsahu uveden\u00e9ho na t\u011bchto webov\u00fdch str\u00e1nk\u00e1ch.<br\/><br\/><strong>Omezen\u00ed odpov\u011bdnosti za extern\u00ed odkazy<\/strong><\/p>\n\n<p>Na\u0161e webov\u00e9 str\u00e1nky obsahuj\u00ed odkazy na extern\u00ed webov\u00e9 str\u00e1nky t\u0159et\u00edch stran. Na obsah t\u011bchto p\u0159\u00edmo \u010di nep\u0159\u00edmo odkazy propojen\u00fdch webov\u00fdch str\u00e1nek nem\u00e1me \u017e\u00e1dn\u00fd vliv. Proto nem\u016f\u017eeme p\u0159evz\u00edt \u017e\u00e1dnou odpov\u011bdnost za spr\u00e1vnost obsahu \u201eextern\u00edch odkaz\u016f\u201c. Za obsah extern\u00edch odkaz\u016f odpov\u00eddaj\u00ed p\u0159\u00edslu\u0161n\u00ed poskytovatel\u00e9 nebo provozovatel\u00e9 (auto\u0159i) t\u011bchto str\u00e1nek.<\/p>\n\n<p>Extern\u00ed odkazy byly v dob\u011b vytvo\u0159en\u00ed zkontrolov\u00e1ny z\u00a0hlediska mo\u017en\u00e9ho poru\u0161en\u00ed pr\u00e1vn\u00edch p\u0159edpis\u016f a\u00a0v\u00a0dob\u011b vytvo\u0159en\u00ed neobsahovaly neleg\u00e1ln\u00ed obsah. Neust\u00e1l\u00e1 kontrola obsahu extern\u00edch odkaz\u016f bez konkr\u00e9tn\u00edch d\u016fkaz\u016f o\u00a0poru\u0161en\u00ed pr\u00e1vn\u00edch p\u0159edpis\u016f nen\u00ed mo\u017en\u00e1. V\u00a0p\u0159\u00edpad\u011b p\u0159\u00edm\u00fdch nebo nep\u0159\u00edm\u00fdch odkaz\u016f na webov\u00e9 str\u00e1nky t\u0159et\u00edch stran, kter\u00e9 le\u017e\u00ed mimo na\u0161i oblast odpov\u011bdnosti, by povinnost n\u00e9st odpov\u011bdnost existovala pouze tehdy, pokud bychomo dan\u00e9m obsahu v\u011bd\u011bli a\u00a0bylo by pro n\u00e1s technicky mo\u017en\u00e9 a\u00a0p\u0159im\u011b\u0159en\u00e9 zabr\u00e1nit pou\u017e\u00edv\u00e1n\u00ed v\u00a0p\u0159\u00edpad\u011b nez\u00e1konn\u00e9ho obsahu.<\/p>\n\n<p><strong>Autorsk\u00e1 pr\u00e1va<\/strong><\/p>\n\n<p>Pokud se dozv\u00edme o\u00a0jak\u00e9mkoli poru\u0161en\u00ed pr\u00e1vn\u00edch p\u0159edpis\u016f, extern\u00ed odkazy okam\u017eit\u011b odstran\u00edme.<br\/><br\/>Obsah a\u00a0d\u00edla zve\u0159ejn\u011bn\u00e1 na na\u0161ich webov\u00fdch str\u00e1nk\u00e1ch podl\u00e9haj\u00ed n\u011bmeck\u00e9mu autorsk\u00e9mu pr\u00e1vu (<a href=\"http:\/\/www.gesetze-im-internet.de\/bundesrecht\/urhg\/gesamt.pdf\">http:\/\/www.gesetze-im-internet.de\/bundesrecht\/urhg\/gesamt.pdf<\/a>). K\u00a0reprodukci, \u00faprav\u00e1m, \u0161\u00ed\u0159en\u00ed a\u00a0jak\u00e9mukoli vyu\u017eit\u00ed du\u0161evn\u00edho vlastnictv\u00ed autora v\u00a0ideov\u00e9m nebo materi\u00e1ln\u00edm smyslu nad r\u00e1mec autorsk\u00e9ho z\u00e1kona je nutn\u00fd p\u0159edchoz\u00ed p\u00edsemn\u00fd souhlas p\u0159\u00edslu\u0161n\u00e9ho autora ve smyslu autorsk\u00e9ho z\u00e1kona.<\/p>\n\n<p>Stahov\u00e1n\u00ed a\u00a0kop\u00edrov\u00e1n\u00ed t\u011bchto str\u00e1nek je povoleno pouze pro soukrom\u00e9 a\u00a0nekomer\u010dn\u00ed pou\u017eit\u00ed. Pokud obsah na na\u0161ich webov\u00fdch str\u00e1nk\u00e1ch nebyl vytvo\u0159en n\u00e1mi, je t\u0159eba dodr\u017eovat autorsk\u00e1 pr\u00e1va t\u0159et\u00edch stran. Obsah t\u0159et\u00edch stran je jednozna\u010dn\u011b jako takov\u00fd ozna\u010den. Pokud se p\u0159esto dozv\u00edte o\u00a0poru\u0161en\u00ed autorsk\u00fdch pr\u00e1v, informujte n\u00e1s o\u00a0tom. Pokud se o\u00a0poru\u0161en\u00ed autorsk\u00fdch pr\u00e1v dozv\u00edme, neprodlen\u011b takov\u00fd obsah odstran\u00edme.<\/p>\n\n<p><strong>Ochrana osobn\u00edch \u00fadaj\u016f<\/strong><\/p>\n\n<p>Ve\u0161ker\u00e9 informace o\u00a0ochran\u011b osobn\u00edch \u00fadaj\u016f naleznete <a href=\"https:\/\/vms2025.inbearbeitung.de\/cs\/ochrana-osobnich-udaju\/\" data-type=\"page\" data-id=\"550\">zde<\/a>.<\/p>\n","protected":false},"excerpt":{"rendered":"<p>Za obsah odpov\u00edd\u00e1: Verkehrsverbund Mittelsachsen GmbHAm Rathaus 209111 Chemnitz, N\u011bmecko Telefon: +49 371 40008-0Fax: +49 371 40008-99E-mail: info@vms.de Rejst\u0159\u00edkov\u00fd soud: M\u011bstsk\u00fd soud v ChemnitzSpis \u010d.: HRB 21599 Da\u0148ov\u00e9 identifika\u010dn\u00ed \u010d\u00edslo: [&hellip;]<\/p>\n","protected":false},"author":1,"featured_media":0,"parent":0,"menu_order":0,"comment_status":"closed","ping_status":"closed","template":"","meta":{"inline_featured_image":false,"footnotes":""},"class_list":["post-945","page","type-page","status-publish","hentry"],"yoast_head":"<!-- This site is optimized with the Yoast SEO plugin v24.6 - https:\/\/yoast.com\/wordpress\/plugins\/seo\/ -->\n<title>Impresum &#8212; VMS Chemnitz 2025<\/title>\n<meta name=\"robots\" content=\"noindex, follow, max-snippet:-1, max-image-preview:large, max-video-preview:-1\" \/>\n<meta property=\"og:locale\" content=\"cs_CZ\" \/>\n<meta property=\"og:type\" content=\"article\" \/>\n<meta property=\"og:title\" content=\"Impresum &#8212; VMS Chemnitz 2025\" \/>\n<meta property=\"og:description\" content=\"Za obsah odpov\u00edd\u00e1: Verkehrsverbund Mittelsachsen GmbHAm Rathaus 209111 Chemnitz, N\u011bmecko Telefon: +49 371 40008-0Fax: +49 371 40008-99E-mail: info@vms.de Rejst\u0159\u00edkov\u00fd soud: M\u011bstsk\u00fd soud v ChemnitzSpis \u010d.: HRB 21599 Da\u0148ov\u00e9 identifika\u010dn\u00ed \u010d\u00edslo: [&hellip;]\" \/>\n<meta property=\"og:url\" content=\"https:\/\/vms2025.inbearbeitung.de\/cs\/impresum\/\" \/>\n<meta property=\"og:site_name\" content=\"VMS Chemnitz 2025\" \/>\n<meta property=\"article:modified_time\" content=\"2025-01-29T09:33:08+00:00\" \/>\n<meta name=\"twitter:card\" content=\"summary_large_image\" \/>\n<meta name=\"twitter:label1\" content=\"Odhadovan\u00e1 doba \u010dten\u00ed\" \/>\n\t<meta name=\"twitter:data1\" content=\"3 minuty\" \/>\n<script type=\"application\/ld+json\" class=\"yoast-schema-graph\">{\"@context\":\"https:\/\/schema.org\",\"@graph\":[{\"@type\":\"WebPage\",\"@id\":\"https:\/\/vms2025.inbearbeitung.de\/cs\/impresum\/\",\"url\":\"https:\/\/vms2025.inbearbeitung.de\/cs\/impresum\/\",\"name\":\"Impresum &#8212; VMS Chemnitz 2025\",\"isPartOf\":{\"@id\":\"https:\/\/vms2025.inbearbeitung.de\/cs\/#website\"},\"datePublished\":\"2024-12-16T09:47:12+00:00\",\"dateModified\":\"2025-01-29T09:33:08+00:00\",\"breadcrumb\":{\"@id\":\"https:\/\/vms2025.inbearbeitung.de\/cs\/impresum\/#breadcrumb\"},\"inLanguage\":\"cs\",\"potentialAction\":[{\"@type\":\"ReadAction\",\"target\":[\"https:\/\/vms2025.inbearbeitung.de\/cs\/impresum\/\"]}]},{\"@type\":\"BreadcrumbList\",\"@id\":\"https:\/\/vms2025.inbearbeitung.de\/cs\/impresum\/#breadcrumb\",\"itemListElement\":[{\"@type\":\"ListItem\",\"position\":1,\"name\":\"Startseite\",\"item\":\"https:\/\/vms2025.inbearbeitung.de\/cs\/\"},{\"@type\":\"ListItem\",\"position\":2,\"name\":\"Impresum\"}]},{\"@type\":\"WebSite\",\"@id\":\"https:\/\/vms2025.inbearbeitung.de\/cs\/#website\",\"url\":\"https:\/\/vms2025.inbearbeitung.de\/cs\/\",\"name\":\"VMS Kulturhauptstadt\",\"description\":\"Mit dem VMS die Kulturhauptstadt entdecken\",\"publisher\":{\"@id\":\"https:\/\/vms2025.inbearbeitung.de\/cs\/#organization\"},\"potentialAction\":[{\"@type\":\"SearchAction\",\"target\":{\"@type\":\"EntryPoint\",\"urlTemplate\":\"https:\/\/vms2025.inbearbeitung.de\/cs\/?s={search_term_string}\"},\"query-input\":{\"@type\":\"PropertyValueSpecification\",\"valueRequired\":true,\"valueName\":\"search_term_string\"}}],\"inLanguage\":\"cs\"},{\"@type\":\"Organization\",\"@id\":\"https:\/\/vms2025.inbearbeitung.de\/cs\/#organization\",\"name\":\"Verkehrsverbund Mittelsachsen\",\"url\":\"https:\/\/vms2025.inbearbeitung.de\/cs\/\",\"logo\":{\"@type\":\"ImageObject\",\"inLanguage\":\"cs\",\"@id\":\"https:\/\/vms2025.inbearbeitung.de\/cs\/#\/schema\/logo\/image\/\",\"url\":\"https:\/\/vms2025.inbearbeitung.de\/wp-content\/uploads\/2024\/10\/239946-3190071.png\",\"contentUrl\":\"https:\/\/vms2025.inbearbeitung.de\/wp-content\/uploads\/2024\/10\/239946-3190071.png\",\"width\":1000,\"height\":500,\"caption\":\"Verkehrsverbund Mittelsachsen\"},\"image\":{\"@id\":\"https:\/\/vms2025.inbearbeitung.de\/cs\/#\/schema\/logo\/image\/\"}}]}<\/script>\n<!-- \/ Yoast SEO plugin. -->","yoast_head_json":{"title":"Impresum &#8212; VMS Chemnitz 2025","robots":{"index":"noindex","follow":"follow","max-snippet":"max-snippet:-1","max-image-preview":"max-image-preview:large","max-video-preview":"max-video-preview:-1"},"og_locale":"cs_CZ","og_type":"article","og_title":"Impresum &#8212; VMS Chemnitz 2025","og_description":"Za obsah odpov\u00edd\u00e1: Verkehrsverbund Mittelsachsen GmbHAm Rathaus 209111 Chemnitz, N\u011bmecko Telefon: +49 371 40008-0Fax: +49 371 40008-99E-mail: info@vms.de Rejst\u0159\u00edkov\u00fd soud: M\u011bstsk\u00fd soud v ChemnitzSpis \u010d.: HRB 21599 Da\u0148ov\u00e9 identifika\u010dn\u00ed \u010d\u00edslo: [&hellip;]","og_url":"https:\/\/vms2025.inbearbeitung.de\/cs\/impresum\/","og_site_name":"VMS Chemnitz 2025","article_modified_time":"2025-01-29T09:33:08+00:00","twitter_card":"summary_large_image","twitter_misc":{"Odhadovan\u00e1 doba \u010dten\u00ed":"3 minuty"},"schema":{"@context":"https:\/\/schema.org","@graph":[{"@type":"WebPage","@id":"https:\/\/vms2025.inbearbeitung.de\/cs\/impresum\/","url":"https:\/\/vms2025.inbearbeitung.de\/cs\/impresum\/","name":"Impresum &#8212; VMS Chemnitz 2025","isPartOf":{"@id":"https:\/\/vms2025.inbearbeitung.de\/cs\/#website"},"datePublished":"2024-12-16T09:47:12+00:00","dateModified":"2025-01-29T09:33:08+00:00","breadcrumb":{"@id":"https:\/\/vms2025.inbearbeitung.de\/cs\/impresum\/#breadcrumb"},"inLanguage":"cs","potentialAction":[{"@type":"ReadAction","target":["https:\/\/vms2025.inbearbeitung.de\/cs\/impresum\/"]}]},{"@type":"BreadcrumbList","@id":"https:\/\/vms2025.inbearbeitung.de\/cs\/impresum\/#breadcrumb","itemListElement":[{"@type":"ListItem","position":1,"name":"Startseite","item":"https:\/\/vms2025.inbearbeitung.de\/cs\/"},{"@type":"ListItem","position":2,"name":"Impresum"}]},{"@type":"WebSite","@id":"https:\/\/vms2025.inbearbeitung.de\/cs\/#website","url":"https:\/\/vms2025.inbearbeitung.de\/cs\/","name":"VMS Kulturhauptstadt","description":"Mit dem VMS die Kulturhauptstadt entdecken","publisher":{"@id":"https:\/\/vms2025.inbearbeitung.de\/cs\/#organization"},"potentialAction":[{"@type":"SearchAction","target":{"@type":"EntryPoint","urlTemplate":"https:\/\/vms2025.inbearbeitung.de\/cs\/?s={search_term_string}"},"query-input":{"@type":"PropertyValueSpecification","valueRequired":true,"valueName":"search_term_string"}}],"inLanguage":"cs"},{"@type":"Organization","@id":"https:\/\/vms2025.inbearbeitung.de\/cs\/#organization","name":"Verkehrsverbund Mittelsachsen","url":"https:\/\/vms2025.inbearbeitung.de\/cs\/","logo":{"@type":"ImageObject","inLanguage":"cs","@id":"https:\/\/vms2025.inbearbeitung.de\/cs\/#\/schema\/logo\/image\/","url":"https:\/\/vms2025.inbearbeitung.de\/wp-content\/uploads\/2024\/10\/239946-3190071.png","contentUrl":"https:\/\/vms2025.inbearbeitung.de\/wp-content\/uploads\/2024\/10\/239946-3190071.png","width":1000,"height":500,"caption":"Verkehrsverbund Mittelsachsen"},"image":{"@id":"https:\/\/vms2025.inbearbeitung.de\/cs\/#\/schema\/logo\/image\/"}}]}},"_links":{"self":[{"href":"https:\/\/vms2025.inbearbeitung.de\/cs\/wp-json\/wp\/v2\/pages\/945","targetHints":{"allow":["GET"]}}],"collection":[{"href":"https:\/\/vms2025.inbearbeitung.de\/cs\/wp-json\/wp\/v2\/pages"}],"about":[{"href":"https:\/\/vms2025.inbearbeitung.de\/cs\/wp-json\/wp\/v2\/types\/page"}],"author":[{"embeddable":true,"href":"https:\/\/vms2025.inbearbeitung.de\/cs\/wp-json\/wp\/v2\/users\/1"}],"replies":[{"embeddable":true,"href":"https:\/\/vms2025.inbearbeitung.de\/cs\/wp-json\/wp\/v2\/comments?post=945"}],"version-history":[{"count":24,"href":"https:\/\/vms2025.inbearbeitung.de\/cs\/wp-json\/wp\/v2\/pages\/945\/revisions"}],"predecessor-version":[{"id":1412,"href":"https:\/\/vms2025.inbearbeitung.de\/cs\/wp-json\/wp\/v2\/pages\/945\/revisions\/1412"}],"wp:attachment":[{"href":"https:\/\/vms2025.inbearbeitung.de\/cs\/wp-json\/wp\/v2\/media?parent=945"}],"curies":[{"name":"wp","href":"https:\/\/api.w.org\/{rel}","templated":true}]}}